{"id":15,"date":"2021-11-29T11:24:06","date_gmt":"2021-11-29T13:24:06","guid":{"rendered":"https:\/\/oljypuoti.fi\/?product=hoodie-with-logo"},"modified":"2021-11-30T06:33:28","modified_gmt":"2021-11-30T08:33:28","slug":"hoodie-with-logo","status":"publish","type":"product","link":"https:\/\/oljypuoti.fi\/?product=hoodie-with-logo","title":{"rendered":"Piparminttu"},"content":{"rendered":"<p>Luomu Piparminttu\u00f6ljy<em> (Mentha piperita)\u00a0<\/em>on tutkitusti luomua, 100% tuoretta ja luonnonmukaista. Se on tuotettu h\u00f6yrytislaamalla kukan nupuista. T\u00e4m\u00e4 kasvi on viljelty Ranskassa.<\/p>\n<p>T\u00e4m\u00e4 luomu eteerinen \u00f6ljy on <span class=\"textexposedshow\">biologinen kasvitieteellisesti ja biokemiallisesti m\u00e4\u00e4ritelty \u00f6ljy ( HEBBD ). T\u00e4m\u00e4 tuote on luokiteltu luonnolliseksi aromiksi.<\/span><strong><span class=\"textexposedshow\"><br \/>\n<\/span><\/strong><\/p>\n<p>&nbsp;<\/p>\n<p>The Peppermint Organic Essential Oil\u00a0<em>(Mentha piperita)<\/em>\u00a0is certified organic, 100% pure and natural. It is obtained by steam distillation of the flowering tops. This plant is cultivated in France.<\/p>\n<p>This organic essential oil is a HEBBD oil (Botanically and Biochemically Defined Essential Oil). This product is classified as a natural aroma.<\/p>\n","protected":false},"excerpt":{"rendered":"<p>Lamiaceae-tuoteperheen Piparminttu on erityisen raikas ja vahvistava aromi, jolla on ruoansulatusta edist\u00e4vi\u00e4 ominaisuuksia.<\/p>\n<p>From the lamiaceae family, Peppermint has particularly fresh and tonifying aromas, with digestive properties.<\/p>\n","protected":false},"featured_media":0,"comment_status":"open","ping_status":"closed","template":"","meta":[],"product_cat":[23,22,20],"product_tag":[],"class_list":{"0":"post-15","1":"product","2":"type-product","3":"status-publish","5":"product_cat-15g-pullot","6":"product_cat-5g-pullot","7":"product_cat-eteeriset-oljyt","9":"first","10":"instock","11":"shipping-taxable","12":"purchasable","13":"product-type-variable","14":"has-default-attributes"},"_links":{"self":[{"href":"https:\/\/oljypuoti.fi\/index.php?rest_route=\/wp\/v2\/product\/15","targetHints":{"allow":["GET"]}}],"collection":[{"href":"https:\/\/oljypuoti.fi\/index.php?rest_route=\/wp\/v2\/product"}],"about":[{"href":"https:\/\/oljypuoti.fi\/index.php?rest_route=\/wp\/v2\/types\/product"}],"replies":[{"embeddable":true,"href":"https:\/\/oljypuoti.fi\/index.php?rest_route=%2Fwp%2Fv2%2Fcomments&post=15"}],"wp:attachment":[{"href":"https:\/\/oljypuoti.fi\/index.php?rest_route=%2Fwp%2Fv2%2Fmedia&parent=15"}],"wp:term":[{"taxonomy":"product_cat","embeddable":true,"href":"https:\/\/oljypuoti.fi\/index.php?rest_route=%2Fwp%2Fv2%2Fproduct_cat&post=15"},{"taxonomy":"product_tag","embeddable":true,"href":"https:\/\/oljypuoti.fi\/index.php?rest_route=%2Fwp%2Fv2%2Fproduct_tag&post=15"}],"curies":[{"name":"wp","href":"https:\/\/api.w.org\/{rel}","templated":true}]}}